{"id":4,"date":"2016-05-10T10:30:21","date_gmt":"2016-05-10T10:30:21","guid":{"rendered":"http:\/\/http:\/\/cai.polj.uns.ac.rs\/?page_id=4"},"modified":"2024-09-22T15:15:43","modified_gmt":"2024-09-22T15:15:43","slug":"pocetna","status":"publish","type":"page","link":"http:\/\/cai.polj.uns.ac.rs\/","title":{"rendered":"PO\u010cETNA"},"content":{"rendered":"<pre contenteditable=\"true\"><div class=\"su-image-carousel  su-image-carousel-has-spacing su-image-carousel-crop su-image-carousel-crop-21-9 su-image-carousel-has-outline su-image-carousel-adaptive su-image-carousel-slides-style-default su-image-carousel-controls-style-dark su-image-carousel-align-none\" style=\"\" data-flickity-options='{\"groupCells\":true,\"cellSelector\":\".su-image-carousel-item\",\"adaptiveHeight\":false,\"cellAlign\":\"left\",\"prevNextButtons\":false,\"pageDots\":false,\"autoPlay\":3000,\"imagesLoaded\":true,\"contain\":true,\"selectedAttraction\":0.025000000000000001,\"friction\":0.28000000000000003}' id=\"su_image_carousel_69efff06235a7\"><div class=\"su-image-carousel-item\"><div class=\"su-image-carousel-item-content\"><img loading=\"lazy\" decoding=\"async\" width=\"1400\" height=\"788\" src=\"http:\/\/cai.polj.uns.ac.rs\/wp-content\/uploads\/2016\/11\/subsistence-agriculture_716c85fc6cf9ea2a.jpg\" class=\"\" alt=\"\" srcset=\"http:\/\/cai.polj.uns.ac.rs\/wp-content\/uploads\/2016\/11\/subsistence-agriculture_716c85fc6cf9ea2a.jpg 1400w, http:\/\/cai.polj.uns.ac.rs\/wp-content\/uploads\/2016\/11\/subsistence-agriculture_716c85fc6cf9ea2a-300x169.jpg 300w, http:\/\/cai.polj.uns.ac.rs\/wp-content\/uploads\/2016\/11\/subsistence-agriculture_716c85fc6cf9ea2a-768x432.jpg 768w, http:\/\/cai.polj.uns.ac.rs\/wp-content\/uploads\/2016\/11\/subsistence-agriculture_716c85fc6cf9ea2a-1024x576.jpg 1024w, http:\/\/cai.polj.uns.ac.rs\/wp-content\/uploads\/2016\/11\/subsistence-agriculture_716c85fc6cf9ea2a-730x410.jpg 730w\" sizes=\"(max-width: 1400px) 100vw, 1400px\" \/><\/div><\/div><div class=\"su-image-carousel-item\"><div class=\"su-image-carousel-item-content\"><img loading=\"lazy\" decoding=\"async\" width=\"1766\" height=\"750\" src=\"http:\/\/cai.polj.uns.ac.rs\/wp-content\/uploads\/2016\/11\/Agriculture_Portfolio_Leica_Geosystems_1766x750.jpg\" class=\"\" alt=\"\" srcset=\"http:\/\/cai.polj.uns.ac.rs\/wp-content\/uploads\/2016\/11\/Agriculture_Portfolio_Leica_Geosystems_1766x750.jpg 1766w, http:\/\/cai.polj.uns.ac.rs\/wp-content\/uploads\/2016\/11\/Agriculture_Portfolio_Leica_Geosystems_1766x750-300x127.jpg 300w, http:\/\/cai.polj.uns.ac.rs\/wp-content\/uploads\/2016\/11\/Agriculture_Portfolio_Leica_Geosystems_1766x750-768x326.jpg 768w, http:\/\/cai.polj.uns.ac.rs\/wp-content\/uploads\/2016\/11\/Agriculture_Portfolio_Leica_Geosystems_1766x750-1024x435.jpg 1024w\" sizes=\"(max-width: 1766px) 100vw, 1766px\" \/><\/div><\/div><div class=\"su-image-carousel-item\"><div class=\"su-image-carousel-item-content\"><img loading=\"lazy\" decoding=\"async\" width=\"398\" height=\"167\" src=\"http:\/\/cai.polj.uns.ac.rs\/wp-content\/uploads\/2016\/11\/image13.jpeg\" class=\"\" alt=\"\" srcset=\"http:\/\/cai.polj.uns.ac.rs\/wp-content\/uploads\/2016\/11\/image13.jpeg 398w, http:\/\/cai.polj.uns.ac.rs\/wp-content\/uploads\/2016\/11\/image13-300x126.jpeg 300w\" sizes=\"(max-width: 398px) 100vw, 398px\" \/><\/div><\/div><div class=\"su-image-carousel-item\"><div class=\"su-image-carousel-item-content\"><img loading=\"lazy\" decoding=\"async\" width=\"361\" height=\"140\" src=\"http:\/\/cai.polj.uns.ac.rs\/wp-content\/uploads\/2016\/11\/image14.jpeg\" class=\"\" alt=\"\" srcset=\"http:\/\/cai.polj.uns.ac.rs\/wp-content\/uploads\/2016\/11\/image14.jpeg 361w, http:\/\/cai.polj.uns.ac.rs\/wp-content\/uploads\/2016\/11\/image14-300x116.jpeg 300w\" sizes=\"(max-width: 361px) 100vw, 361px\" \/><\/div><\/div><div class=\"su-image-carousel-item\"><div class=\"su-image-carousel-item-content\"><img loading=\"lazy\" decoding=\"async\" width=\"453\" height=\"180\" src=\"http:\/\/cai.polj.uns.ac.rs\/wp-content\/uploads\/2016\/11\/image11.png\" class=\"\" alt=\"\" srcset=\"http:\/\/cai.polj.uns.ac.rs\/wp-content\/uploads\/2016\/11\/image11.png 453w, http:\/\/cai.polj.uns.ac.rs\/wp-content\/uploads\/2016\/11\/image11-300x119.png 300w\" sizes=\"(max-width: 453px) 100vw, 453px\" \/><\/div><\/div><div class=\"su-image-carousel-item\"><div class=\"su-image-carousel-item-content\"><img loading=\"lazy\" decoding=\"async\" width=\"696\" height=\"480\" src=\"http:\/\/cai.polj.uns.ac.rs\/wp-content\/uploads\/2016\/11\/image9.jpeg\" class=\"\" alt=\"\" srcset=\"http:\/\/cai.polj.uns.ac.rs\/wp-content\/uploads\/2016\/11\/image9.jpeg 696w, http:\/\/cai.polj.uns.ac.rs\/wp-content\/uploads\/2016\/11\/image9-300x207.jpeg 300w\" sizes=\"(max-width: 696px) 100vw, 696px\" \/><\/div><\/div><div class=\"su-image-carousel-item\"><div class=\"su-image-carousel-item-content\"><img loading=\"lazy\" decoding=\"async\" width=\"1024\" height=\"431\" src=\"http:\/\/cai.polj.uns.ac.rs\/wp-content\/uploads\/2016\/11\/image8.jpeg\" class=\"\" alt=\"\" srcset=\"http:\/\/cai.polj.uns.ac.rs\/wp-content\/uploads\/2016\/11\/image8.jpeg 1024w, http:\/\/cai.polj.uns.ac.rs\/wp-content\/uploads\/2016\/11\/image8-300x126.jpeg 300w, http:\/\/cai.polj.uns.ac.rs\/wp-content\/uploads\/2016\/11\/image8-768x323.jpeg 768w\" sizes=\"(max-width: 1024px) 100vw, 1024px\" \/><\/div><\/div><div class=\"su-image-carousel-item\"><div class=\"su-image-carousel-item-content\"><img loading=\"lazy\" decoding=\"async\" width=\"1024\" height=\"705\" src=\"http:\/\/cai.polj.uns.ac.rs\/wp-content\/uploads\/2016\/11\/image6.jpeg\" class=\"\" alt=\"\" srcset=\"http:\/\/cai.polj.uns.ac.rs\/wp-content\/uploads\/2016\/11\/image6.jpeg 1024w, http:\/\/cai.polj.uns.ac.rs\/wp-content\/uploads\/2016\/11\/image6-300x207.jpeg 300w, http:\/\/cai.polj.uns.ac.rs\/wp-content\/uploads\/2016\/11\/image6-768x529.jpeg 768w\" sizes=\"(max-width: 1024px) 100vw, 1024px\" \/><\/div><\/div><div class=\"su-image-carousel-item\"><div class=\"su-image-carousel-item-content\"><img loading=\"lazy\" decoding=\"async\" width=\"635\" height=\"411\" src=\"http:\/\/cai.polj.uns.ac.rs\/wp-content\/uploads\/2016\/11\/image4.jpeg\" class=\"\" alt=\"\" srcset=\"http:\/\/cai.polj.uns.ac.rs\/wp-content\/uploads\/2016\/11\/image4.jpeg 635w, http:\/\/cai.polj.uns.ac.rs\/wp-content\/uploads\/2016\/11\/image4-300x194.jpeg 300w\" sizes=\"(max-width: 635px) 100vw, 635px\" \/><\/div><\/div><div class=\"su-image-carousel-item\"><div class=\"su-image-carousel-item-content\"><img loading=\"lazy\" decoding=\"async\" width=\"728\" height=\"450\" src=\"http:\/\/cai.polj.uns.ac.rs\/wp-content\/uploads\/2016\/11\/image2.jpeg\" class=\"\" alt=\"\" srcset=\"http:\/\/cai.polj.uns.ac.rs\/wp-content\/uploads\/2016\/11\/image2.jpeg 728w, http:\/\/cai.polj.uns.ac.rs\/wp-content\/uploads\/2016\/11\/image2-300x185.jpeg 300w\" sizes=\"(max-width: 728px) 100vw, 728px\" \/><\/div><\/div><div class=\"su-image-carousel-item\"><div class=\"su-image-carousel-item-content\"><img loading=\"lazy\" decoding=\"async\" width=\"823\" height=\"812\" src=\"http:\/\/cai.polj.uns.ac.rs\/wp-content\/uploads\/2016\/11\/image1.jpeg\" class=\"\" alt=\"\" srcset=\"http:\/\/cai.polj.uns.ac.rs\/wp-content\/uploads\/2016\/11\/image1.jpeg 823w, http:\/\/cai.polj.uns.ac.rs\/wp-content\/uploads\/2016\/11\/image1-300x296.jpeg 300w, http:\/\/cai.polj.uns.ac.rs\/wp-content\/uploads\/2016\/11\/image1-768x758.jpeg 768w, http:\/\/cai.polj.uns.ac.rs\/wp-content\/uploads\/2016\/11\/image1-60x60.jpeg 60w\" sizes=\"(max-width: 823px) 100vw, 823px\" \/><\/div><\/div><div class=\"su-image-carousel-item\"><div class=\"su-image-carousel-item-content\"><img loading=\"lazy\" decoding=\"async\" width=\"640\" height=\"426\" src=\"http:\/\/cai.polj.uns.ac.rs\/wp-content\/uploads\/2016\/05\/dsad.jpg\" class=\"\" alt=\"\" srcset=\"http:\/\/cai.polj.uns.ac.rs\/wp-content\/uploads\/2016\/05\/dsad.jpg 640w, http:\/\/cai.polj.uns.ac.rs\/wp-content\/uploads\/2016\/05\/dsad-300x200.jpg 300w\" sizes=\"(max-width: 640px) 100vw, 640px\" \/><\/div><\/div><div class=\"su-image-carousel-item\"><div class=\"su-image-carousel-item-content\"><img loading=\"lazy\" decoding=\"async\" width=\"1024\" height=\"768\" src=\"http:\/\/cai.polj.uns.ac.rs\/wp-content\/uploads\/2016\/05\/dfsfa.jpg\" class=\"\" alt=\"\" srcset=\"http:\/\/cai.polj.uns.ac.rs\/wp-content\/uploads\/2016\/05\/dfsfa.jpg 1024w, http:\/\/cai.polj.uns.ac.rs\/wp-content\/uploads\/2016\/05\/dfsfa-300x225.jpg 300w, http:\/\/cai.polj.uns.ac.rs\/wp-content\/uploads\/2016\/05\/dfsfa-768x576.jpg 768w\" sizes=\"(max-width: 1024px) 100vw, 1024px\" \/><\/div><\/div><div class=\"su-image-carousel-item\"><div class=\"su-image-carousel-item-content\"><img loading=\"lazy\" decoding=\"async\" width=\"731\" height=\"618\" src=\"http:\/\/cai.polj.uns.ac.rs\/wp-content\/uploads\/2016\/05\/sefs.jpg\" class=\"\" alt=\"\" srcset=\"http:\/\/cai.polj.uns.ac.rs\/wp-content\/uploads\/2016\/05\/sefs.jpg 731w, http:\/\/cai.polj.uns.ac.rs\/wp-content\/uploads\/2016\/05\/sefs-300x254.jpg 300w\" sizes=\"(max-width: 731px) 100vw, 731px\" \/><\/div><\/div><div class=\"su-image-carousel-item\"><div class=\"su-image-carousel-item-content\"><img loading=\"lazy\" decoding=\"async\" width=\"468\" height=\"206\" src=\"http:\/\/cai.polj.uns.ac.rs\/wp-content\/uploads\/2016\/05\/dsadas.jpg\" class=\"\" alt=\"\" srcset=\"http:\/\/cai.polj.uns.ac.rs\/wp-content\/uploads\/2016\/05\/dsadas.jpg 468w, http:\/\/cai.polj.uns.ac.rs\/wp-content\/uploads\/2016\/05\/dsadas-300x132.jpg 300w\" sizes=\"(max-width: 468px) 100vw, 468px\" \/><\/div><\/div><div class=\"su-image-carousel-item\"><div class=\"su-image-carousel-item-content\"><img loading=\"lazy\" decoding=\"async\" width=\"1092\" height=\"379\" src=\"http:\/\/cai.polj.uns.ac.rs\/wp-content\/uploads\/2016\/05\/dsadsa.jpg\" class=\"\" alt=\"\" srcset=\"http:\/\/cai.polj.uns.ac.rs\/wp-content\/uploads\/2016\/05\/dsadsa.jpg 1092w, http:\/\/cai.polj.uns.ac.rs\/wp-content\/uploads\/2016\/05\/dsadsa-300x104.jpg 300w, http:\/\/cai.polj.uns.ac.rs\/wp-content\/uploads\/2016\/05\/dsadsa-768x267.jpg 768w, http:\/\/cai.polj.uns.ac.rs\/wp-content\/uploads\/2016\/05\/dsadsa-1024x355.jpg 1024w\" sizes=\"(max-width: 1092px) 100vw, 1092px\" \/><\/div><\/div><\/div><script id=\"su_image_carousel_69efff06235a7_script\">if(window.SUImageCarousel){setTimeout(function() {window.SUImageCarousel.initGallery(document.getElementById(\"su_image_carousel_69efff06235a7\"))}, 0);}var su_image_carousel_69efff06235a7_script=document.getElementById(\"su_image_carousel_69efff06235a7_script\");if(su_image_carousel_69efff06235a7_script){su_image_carousel_69efff06235a7_script.parentNode.removeChild(su_image_carousel_69efff06235a7_script);}<\/script><\/pre>\n<h3 style=\"text-align: center;\"><strong>CENTAR ZA AGRARNU ISTORIJU<\/strong><\/h3>\n<p>Centar za agrarnu istoriju predstavlja mre\u017eu izabranih \u010dlanova koji se bave nau\u010dnoistra\u017eiva\u010dkim, pedago\u0161kim i umetni\u010dkim radom vezanom za pojedine aspekte agrarne istorije, pre svega u Srbiji. Centru pru\u017eaju podr\u0161ku pojedinci i pojedine institucije iz pomenutih oblasti u zemlji i inostranstvu.<\/p>\n<p>Centar \u010dine \u010dlanovi i redovni \u010dlanovi a njegov rad prati i odre\u0111eni broj lica zainteresovanih za agrarnu istoriju.<\/p>\n<p>Cilj osnivanja Centra jeste negovanje tradicije u agrarnim istra\u017eivanjima i edukaciji, kao i unapre\u0111ivanje nauke i prakse u oblasti agrara.<\/p>\n<p>Osnovna delatnost Centra je prou\u010davanje agrarne istorije. U tu svrhu, Centar se bavi publikovanjem (monografija, knjiga, \u010dlanaka, zbornika radova), organizacijom skupova, izradom nau\u010dnih projekata, edukacijom, organizovanjem izlo\u017ebi, i dr.<\/p>\n<p>Centar sprovodi aktivnosti na slede\u0107im nau\u010dnim poljima: agrarna ekonomija\/ka, agrarna politika, ruralna sociologija, agrarna geografija, agrarna meteorologija, savetodavstvo, zadrugarstvo, agrarni marketing, sve agronomske discipline (biljne proizvodnje, sto\u010darstva i povezanih disciplina), \u0161umarstvo, vodoprivreda, ribarstvo, veterina, kulturne, umetni\u010dke i druge dicipline.<\/p>\n<p>Osniva\u010d centra je prof. dr Zoran Njegovan, redovni profesor (upravnik). Institucionalnu i infrastrukturnu podr\u0161ku u radu Centra obezbe\u0111uje Poljoprivredni fakultet Univerziteta u Novom Sadu, Departman za ekonomiku poljoprivrede i sociologiju sela.<\/p>\n<h3 style=\"text-align: center;\"><strong>CENTRE FOR AGRICULTURAL HISTORY<\/strong><\/h3>\n<p>Centre for Agricultural History is a network consisting of members engaged in scientific, research, pedagogical and artistic work that is connected to certain aspects of agricultural history, primarily in Serbia. The Centre is supported by individuals and institutions related to the above mentioned fields both from our country and from abroad.<\/p>\n<p>The Centre consists of members and regular members, while its work involves also a number of people interested in agricultural history.<\/p>\n<p>The main goal of the Centre is to preserve tradition in agricultural research and education, as well as to work on improving science and practice in the field of agriculture.<\/p>\n<p>The main activity of the Centre is studying agricultural history. For this purpose, the Centre works on publishing (monographs, books, articles, proceedings), organizing conferences, scientific projects, education, organization of exhibitions, etc.<\/p>\n<p>The activities of the Centre are in the following scientific fields: agricultural economics and agricultural policies, rural sociology, agricultural geography and meteorology, extension services, cooperatives, agricultural marketing, all agricultural disciplines (crop production, livestock production and related disciplines), forestry, water management, fishery, veterinary medicine, cultural, artistic and other disciplines.<\/p>\n<p>The founder of the Centre is Zoran Njegovan, PhD, full professor (president). Institutional and infrastructure support is provided by the Department of Agricultural Economics and Rural Sociology, Faculty of Agriculture, University of Novi Sad.<\/p>\n","protected":false},"excerpt":{"rendered":"<p>CENTAR ZA AGRARNU ISTORIJU Centar za agrarnu istoriju predstavlja mre\u017eu izabranih \u010dlanova koji se bave nau\u010dnoistra\u017eiva\u010dkim, pedago\u0161kim i umetni\u010dkim radom vezanom za pojedine aspekte agrarne istorije, pre svega u Srbiji. Centru pru\u017eaju podr\u0161ku pojedinci i pojedine institucije iz pomenutih oblasti u zemlji i inostranstvu. Centar \u010dine \u010dlanovi i redovni \u010dlanovi a njegov rad prati i [&hellip;]<\/p>\n","protected":false},"author":1,"featured_media":0,"parent":0,"menu_order":0,"comment_status":"closed","ping_status":"closed","template":"","meta":{"footnotes":""},"class_list":["post-4","page","type-page","status-publish","hentry"],"_links":{"self":[{"href":"http:\/\/cai.polj.uns.ac.rs\/index.php?rest_route=\/wp\/v2\/pages\/4"}],"collection":[{"href":"http:\/\/cai.polj.uns.ac.rs\/index.php?rest_route=\/wp\/v2\/pages"}],"about":[{"href":"http:\/\/cai.polj.uns.ac.rs\/index.php?rest_route=\/wp\/v2\/types\/page"}],"author":[{"embeddable":true,"href":"http:\/\/cai.polj.uns.ac.rs\/index.php?rest_route=\/wp\/v2\/users\/1"}],"replies":[{"embeddable":true,"href":"http:\/\/cai.polj.uns.ac.rs\/index.php?rest_route=%2Fwp%2Fv2%2Fcomments&post=4"}],"version-history":[{"count":27,"href":"http:\/\/cai.polj.uns.ac.rs\/index.php?rest_route=\/wp\/v2\/pages\/4\/revisions"}],"predecessor-version":[{"id":573,"href":"http:\/\/cai.polj.uns.ac.rs\/index.php?rest_route=\/wp\/v2\/pages\/4\/revisions\/573"}],"wp:attachment":[{"href":"http:\/\/cai.polj.uns.ac.rs\/index.php?rest_route=%2Fwp%2Fv2%2Fmedia&parent=4"}],"curies":[{"name":"wp","href":"https:\/\/api.w.org\/{rel}","templated":true}]}}