{"id":305,"date":"2018-04-13T08:33:40","date_gmt":"2018-04-13T08:33:40","guid":{"rendered":"http:\/\/cai.polj.uns.ac.rs\/?page_id=305"},"modified":"2019-05-29T10:48:17","modified_gmt":"2019-05-29T10:48:17","slug":"2017-2","status":"publish","type":"page","link":"http:\/\/cai.polj.uns.ac.rs\/?page_id=305","title":{"rendered":"Dogadjaji &#8211; 2017. godina"},"content":{"rendered":"<ul>\n<li style=\"list-style-type: none;\">\n<ul>\n<li style=\"text-align: left;\"><a href=\"http:\/\/cai.polj.uns.ac.rs\/wp-content\/uploads\/2018\/04\/Knjiga-apstrakata-CAI.pdf\">Knjiga apstrakata CAI<\/a><\/li>\n<li style=\"text-align: left;\"><a href=\"http:\/\/cai.polj.uns.ac.rs\/wp-content\/uploads\/2018\/04\/PROGRAM-SKUPA-FLAJER-A4.doc\">PROGRAM SKUPA FLAJER A4<\/a><\/li>\n<li style=\"text-align: left;\"><a href=\"http:\/\/cai.polj.uns.ac.rs\/wp-content\/uploads\/2018\/04\/Zakljucak-skupa-CAI-2017.doc\">Zakljucak skupa CAI 2017<\/a><\/li>\n<\/ul>\n<\/li>\n<\/ul>\n<div class=\"su-spoiler su-spoiler-style-default su-spoiler-icon-plus su-spoiler-closed\" data-scroll-offset=\"0\" data-anchor-in-url=\"no\"><div class=\"su-spoiler-title\" tabindex=\"0\" role=\"button\"><span class=\"su-spoiler-icon\"><\/span>SPISAK PREDAVA\u010cA NA NAU\u010cNOM SKUPU:<\/div><div class=\"su-spoiler-content su-u-clearfix su-u-trim\">\n<ol>\n<li>Bojana Miljkovi\u0107 \u2013 Kati\u0107, vi\u0161i nau\u010dni saradnik, Istorijski insitut u Beogradu<\/li>\n<li>Boris Kr\u0161ev, redovni profesor, Fakultet za pravne i poslovne studije u Novom Sadu<\/li>\n<li>Danica Glava\u0161 \u2013 Trbi\u0107, asistent, Poljoprivredni fakultet, Novi Sad<\/li>\n<li>Dejan Jankovi\u0107, vanredni profesor, Poljoprivredni fakultet, Novi Sad<\/li>\n<li>Dragan Veselinov, redovni profesor, Fakultet politi\u010dkih nauka u Beogradu<\/li>\n<li>Dragana Dini\u0107, nau\u010dni saradnik, Institut za politi\u010dke studije u Beogradu<\/li>\n<li>Dragana \u017debeljan, Poljoprivrednikov Poljoprivredni kalendar, Novi Sad<\/li>\n<li>Dragoljub Peri\u0107, docent, Filozofski fakultet u Novom Sadu<\/li>\n<li>Filip Forkapi\u0107, vi\u0161i kustos etnolog, Muzejski kompleks u Kulpinu<\/li>\n<li>Gordana Gari\u0107 \u2013 Petrovi\u0107, istra\u017eiva\u010d saradnik, Istorijski institut u Beogradu<\/li>\n<li>Gordana Radovi\u0107, docent, AD Poljoprivrednik, Novi Sad<\/li>\n<li>Jan Ki\u0161geci, Poljoprivredni muzej u Kulpinu<\/li>\n<li>Janko Veselinovi\u0107, vanredni profesor, Poljoprivredni fakultet, Novi Sad<\/li>\n<li>Jelena Nestorov Bizonj, Zadru\u017eni savez Vojvodine<\/li>\n<li>Julkica Crnobarac, AD Poljoprivrednik, Novi Sad<\/li>\n<li>Marica Petrovi\u0107, asistent, Poljoprivredni fakultet, Novi Sad<\/li>\n<li>Marija Kralj, samostalni istra\u017eiva\u010d, doktorant na Filozofskom fakultetu u Novom Sadu<\/li>\n<li>Marina Novakov, nau\u010dni saradnik, Poljoprivredni fakultet, Novi Sad<\/li>\n<li>Milan Zdravkovi\u0107, nau\u010dni savetnik (Institut za zemlji\u0161te, Beograd)<\/li>\n<li>Milovan Antoni\u0107, novinar, BiH, Republika Srpska<\/li>\n<li>Mirela Toma\u0161 \u2013 Simin, asistent, Poljoprivredni fakultet, Novi Sad<\/li>\n<li>Mirjana Vasi\u0107, nau\u010dni savetnik, Institut za ratarstvo i povrtarstvo, Novi Sad<\/li>\n<li>Miroslav Male\u0161evi\u0107, redovni profesor, AD Poljoprivrednik, Novi Sad<\/li>\n<li>Miroslav Vitez, redovni profesor, V\u0160ZSR, Ba\u010dki Petrovac<\/li>\n<li>Mladen Miri\u0107, vi\u0161i nau\u010dni saradnik, Beograd<\/li>\n<li>Mom\u010dilo Isi\u0107, nau\u010dni savetnik, Institut za noviju istoriju, Beograd<\/li>\n<li>Nevena Brdari\u0107, student, Poljoprivredni fakultet, Novi Sad<\/li>\n<li>Radomir Popovi\u0107, vi\u0161i nau\u010dni saradnik, Istorijski institut, Beograd<\/li>\n<li>Radovan Pejanovi\u0107, redovni profesor, AD Poljoprivrednik, Novi Sad<\/li>\n<li>Srbislav Den\u010di\u0107, Institut za ratarstvo i povrtarstvo, Novi Sad<\/li>\n<li>Sr\u0111an \u0160ljuki\u0107, redovni profesor (Filozofski fakultet, Novi Sad)<\/li>\n<li>Vojislav Mihajlovi\u0107, nau\u010dni savetnik (Institut za ratarstvo i povrtarstvo, Novi Sad)<\/li>\n<li>Vuk \u0110or\u0111evi\u0107, nau\u010dni savetnik (Institut za zemlji\u0161te, Beograd)<\/li>\n<li>Zoran Njegovan, redovni profesor, Poljoprivredni fakultet, Novi Sad<\/li>\n<li>Zoran Simonovi\u0107, nau\u010dni saradnik, Institut za ekonomiku poljoprivrede, Beograd<\/li>\n<li>Rado\u0161 Baji\u0107, glumac, Odbor za selo SANU<\/li>\n<\/ol>\n<\/div><\/div>\n<div class=\"su-spoiler su-spoiler-style-default su-spoiler-icon-plus su-spoiler-closed\" data-scroll-offset=\"0\" data-anchor-in-url=\"no\"><div class=\"su-spoiler-title\" tabindex=\"0\" role=\"button\"><span class=\"su-spoiler-icon\"><\/span>SPISAK U\u010cESNIKA TOKOM KOJI SU PRISUSTVOVALI NAU\u010cNOM SKUPU 16 I 17 NOVEMBRA 2017.:<\/div><div class=\"su-spoiler-content su-u-clearfix su-u-trim\">\n<ol>\n<li>Aleksandra Bundalo, novinar, RTV Novi Sad<\/li>\n<li>Aleksandra Despotovi\u0107, Podgorica<\/li>\n<li>Branislav Vlahovi\u0107, redovni profesor, Poljoprivredni fakultet, Novi Sad<\/li>\n<li>Branko \u0106upina, prodekan, Poljoprivredni fakultet, Novi Sad<\/li>\n<li>Danica Bo\u0161njak, Poljoprivredni fakultet, Novi Sad<\/li>\n<li>Danilo Tomi\u0107, SANU<\/li>\n<li>Dragan Mili\u0107, docent, Poljoprivredni fakultet, Novi Sad<\/li>\n<li>Dragan \u0160kori\u0107, akademik, SANU<\/li>\n<li>Dragana Latkovi\u0107, Poljoprivredni fakultet, Novi Sad<\/li>\n<li>Dubravka U\u017ear, Poljoprivredni fakultet, Novi Sad<\/li>\n<li>Du\u0161an Mili\u0107, redovni profesor, Poljoprivredni fakultet, Novi Sad<\/li>\n<li>\u0110or\u0111e Simovi\u0107, novinar, RTV Novi Sad<\/li>\n<li>Jan Turan, Institut za ratarstvo i povrtarstvo, Novi Sad<\/li>\n<li>Jelena Karapand\u017ein, Poljoprivredni fakultet, Novi Sad<\/li>\n<li>Jovica Atanasijevi\u0107 novinar, AD Poljoprivrednik<\/li>\n<li>Kosta Rajovi\u0107, novinar, AD Poljoprivrednik<\/li>\n<li>Lazar Lazi\u0107, PMF<\/li>\n<li>Milan Zeremski<\/li>\n<li>Milena Jan\u010di\u0107 \u2013 Tovjanin<\/li>\n<li>Milo\u0161 \u0160e\u0161lija, Sekretarijat za poljoprivredu, vodoprivredu i \u0161umarstvo APV<\/li>\n<li>Mirko Olu\u0161ki, Macval doo, Novi Sad<\/li>\n<li>Mladen Petkovi\u0107, Sekretarijat za poljoprivredu, vodoprivredu i \u0161umarstvo APV Momir Samard\u017ei\u0107<\/li>\n<li>Nata\u0161a Vukeli\u0107, Poljoprivredni fakultet, Novi Sad<\/li>\n<li>Nevena Bogdanovi\u0107, novinarka<\/li>\n<li>Radoslav Jovanov, Zadru\u017eni savez Vojvodine<\/li>\n<li>Selena \u0110aji\u0107, Poljoprivredni fakultet, Novi Sad<\/li>\n<li>Sini\u0161a Berjan, Poljoprivredni fakultet, Isto\u010dno Sarajevo, BiH<\/li>\n<li>Slavi\u0161a Dabi\u017eljevi\u0107, novinar, \u201eOtkos\u201c, Novi Sad<\/li>\n<li>Tihomir Novakovi\u0107, asistent, Poljoprivredni fakultet, Novi Sad<\/li>\n<li>Vesna Rodi\u0107, Poljoprivredni fakultet, Novi Sad<\/li>\n<li>Vladislav Zeki\u0107, Poljoprivredni fakultet, Novi Sad<\/li>\n<li>\u017deljko Va\u0161ko, Poljoprivredni fakultet, Banja Luka, BiH<\/li>\n<li>\u017divan Lazi\u0107, novinar<\/li>\n<\/ol>\n<\/div><\/div>\n<div class=\"su-spoiler su-spoiler-style-default su-spoiler-icon-plus su-spoiler-closed\" data-scroll-offset=\"0\" data-anchor-in-url=\"no\"><div class=\"su-spoiler-title\" tabindex=\"0\" role=\"button\"><span class=\"su-spoiler-icon\"><\/span>GALERIJA FOTOGRAFIJA<\/div><div class=\"su-spoiler-content su-u-clearfix su-u-trim\">\n<div class=\"su-custom-gallery su-custom-gallery-align-left su-custom-gallery-title-never su-lightbox-gallery\"><div class=\"su-custom-gallery-slide\" style=\"width:120px;height:90px\"><a href=\"http:\/\/cai.polj.uns.ac.rs\/wp-content\/uploads\/2018\/04\/IMG_7919.jpg\" title=\"IMG_7919\"><img loading=\"lazy\" decoding=\"async\" src=\"http:\/\/cai.polj.uns.ac.rs\/wp-content\/uploads\/2018\/04\/IMG_7919-120x90.jpg\" alt=\"IMG_7919\" width=\"120\" height=\"90\" \/><span class=\"su-custom-gallery-title\">IMG_7919<\/span><\/a><\/div><div class=\"su-custom-gallery-slide\" style=\"width:120px;height:90px\"><a href=\"http:\/\/cai.polj.uns.ac.rs\/wp-content\/uploads\/2018\/04\/IMG_7916.jpg\" title=\"IMG_7916\"><img loading=\"lazy\" decoding=\"async\" src=\"http:\/\/cai.polj.uns.ac.rs\/wp-content\/uploads\/2018\/04\/IMG_7916-120x90.jpg\" alt=\"IMG_7916\" width=\"120\" height=\"90\" \/><span class=\"su-custom-gallery-title\">IMG_7916<\/span><\/a><\/div><div class=\"su-custom-gallery-slide\" style=\"width:120px;height:90px\"><a href=\"http:\/\/cai.polj.uns.ac.rs\/wp-content\/uploads\/2018\/04\/IMG_7903.jpg\" title=\"IMG_7903\"><img loading=\"lazy\" decoding=\"async\" src=\"http:\/\/cai.polj.uns.ac.rs\/wp-content\/uploads\/2018\/04\/IMG_7903-120x90.jpg\" alt=\"IMG_7903\" width=\"120\" height=\"90\" \/><span class=\"su-custom-gallery-title\">IMG_7903<\/span><\/a><\/div><div class=\"su-custom-gallery-slide\" style=\"width:120px;height:90px\"><a href=\"http:\/\/cai.polj.uns.ac.rs\/wp-content\/uploads\/2018\/04\/IMG_7901.jpg\" title=\"IMG_7901\"><img loading=\"lazy\" decoding=\"async\" src=\"http:\/\/cai.polj.uns.ac.rs\/wp-content\/uploads\/2018\/04\/IMG_7901-120x90.jpg\" alt=\"IMG_7901\" width=\"120\" height=\"90\" \/><span class=\"su-custom-gallery-title\">IMG_7901<\/span><\/a><\/div><div class=\"su-custom-gallery-slide\" style=\"width:120px;height:90px\"><a href=\"http:\/\/cai.polj.uns.ac.rs\/wp-content\/uploads\/2018\/04\/IMG_7900.jpg\" title=\"IMG_7900\"><img loading=\"lazy\" decoding=\"async\" src=\"http:\/\/cai.polj.uns.ac.rs\/wp-content\/uploads\/2018\/04\/IMG_7900-120x90.jpg\" alt=\"IMG_7900\" width=\"120\" height=\"90\" \/><span class=\"su-custom-gallery-title\">IMG_7900<\/span><\/a><\/div><div class=\"su-custom-gallery-slide\" style=\"width:120px;height:90px\"><a href=\"http:\/\/cai.polj.uns.ac.rs\/wp-content\/uploads\/2018\/04\/IMG_7899.jpg\" title=\"IMG_7899\"><img loading=\"lazy\" decoding=\"async\" src=\"http:\/\/cai.polj.uns.ac.rs\/wp-content\/uploads\/2018\/04\/IMG_7899-120x90.jpg\" alt=\"IMG_7899\" width=\"120\" height=\"90\" \/><span class=\"su-custom-gallery-title\">IMG_7899<\/span><\/a><\/div><div class=\"su-custom-gallery-slide\" style=\"width:120px;height:90px\"><a href=\"http:\/\/cai.polj.uns.ac.rs\/wp-content\/uploads\/2018\/04\/IMG_7896.jpg\" title=\"IMG_7896\"><img loading=\"lazy\" decoding=\"async\" src=\"http:\/\/cai.polj.uns.ac.rs\/wp-content\/uploads\/2018\/04\/IMG_7896-120x90.jpg\" alt=\"IMG_7896\" width=\"120\" height=\"90\" \/><span class=\"su-custom-gallery-title\">IMG_7896<\/span><\/a><\/div><div class=\"su-custom-gallery-slide\" style=\"width:120px;height:90px\"><a href=\"http:\/\/cai.polj.uns.ac.rs\/wp-content\/uploads\/2018\/04\/IMG_7894.jpg\" title=\"IMG_7894\"><img loading=\"lazy\" decoding=\"async\" src=\"http:\/\/cai.polj.uns.ac.rs\/wp-content\/uploads\/2018\/04\/IMG_7894-120x90.jpg\" alt=\"IMG_7894\" width=\"120\" height=\"90\" \/><span class=\"su-custom-gallery-title\">IMG_7894<\/span><\/a><\/div><div class=\"su-custom-gallery-slide\" style=\"width:120px;height:90px\"><a href=\"http:\/\/cai.polj.uns.ac.rs\/wp-content\/uploads\/2018\/04\/IMG_7889.jpg\" title=\"IMG_7889\"><img loading=\"lazy\" decoding=\"async\" src=\"http:\/\/cai.polj.uns.ac.rs\/wp-content\/uploads\/2018\/04\/IMG_7889-120x90.jpg\" alt=\"IMG_7889\" width=\"120\" height=\"90\" \/><span class=\"su-custom-gallery-title\">IMG_7889<\/span><\/a><\/div><div class=\"su-custom-gallery-slide\" style=\"width:120px;height:90px\"><a href=\"http:\/\/cai.polj.uns.ac.rs\/wp-content\/uploads\/2018\/04\/IMG_7887.jpg\" title=\"IMG_7887\"><img loading=\"lazy\" decoding=\"async\" src=\"http:\/\/cai.polj.uns.ac.rs\/wp-content\/uploads\/2018\/04\/IMG_7887-120x90.jpg\" alt=\"IMG_7887\" width=\"120\" height=\"90\" \/><span class=\"su-custom-gallery-title\">IMG_7887<\/span><\/a><\/div><div class=\"su-custom-gallery-slide\" style=\"width:120px;height:90px\"><a href=\"http:\/\/cai.polj.uns.ac.rs\/wp-content\/uploads\/2018\/04\/IMG_7885.jpg\" title=\"IMG_7885\"><img loading=\"lazy\" decoding=\"async\" src=\"http:\/\/cai.polj.uns.ac.rs\/wp-content\/uploads\/2018\/04\/IMG_7885-120x90.jpg\" alt=\"IMG_7885\" width=\"120\" height=\"90\" \/><span class=\"su-custom-gallery-title\">IMG_7885<\/span><\/a><\/div><div class=\"su-custom-gallery-slide\" style=\"width:120px;height:90px\"><a href=\"http:\/\/cai.polj.uns.ac.rs\/wp-content\/uploads\/2018\/04\/IMG_7880.jpg\" title=\"IMG_7880\"><img loading=\"lazy\" decoding=\"async\" src=\"http:\/\/cai.polj.uns.ac.rs\/wp-content\/uploads\/2018\/04\/IMG_7880-120x90.jpg\" alt=\"IMG_7880\" width=\"120\" height=\"90\" \/><span class=\"su-custom-gallery-title\">IMG_7880<\/span><\/a><\/div><div class=\"su-custom-gallery-slide\" style=\"width:120px;height:90px\"><a href=\"http:\/\/cai.polj.uns.ac.rs\/wp-content\/uploads\/2018\/04\/IMG_7879.jpg\" title=\"IMG_7879\"><img loading=\"lazy\" decoding=\"async\" src=\"http:\/\/cai.polj.uns.ac.rs\/wp-content\/uploads\/2018\/04\/IMG_7879-120x90.jpg\" alt=\"IMG_7879\" width=\"120\" height=\"90\" \/><span class=\"su-custom-gallery-title\">IMG_7879<\/span><\/a><\/div><div class=\"su-custom-gallery-slide\" style=\"width:120px;height:90px\"><a href=\"http:\/\/cai.polj.uns.ac.rs\/wp-content\/uploads\/2018\/04\/IMG_7878.jpg\" title=\"IMG_7878\"><img loading=\"lazy\" decoding=\"async\" src=\"http:\/\/cai.polj.uns.ac.rs\/wp-content\/uploads\/2018\/04\/IMG_7878-120x90.jpg\" alt=\"IMG_7878\" width=\"120\" height=\"90\" \/><span class=\"su-custom-gallery-title\">IMG_7878<\/span><\/a><\/div><div class=\"su-custom-gallery-slide\" style=\"width:120px;height:90px\"><a href=\"http:\/\/cai.polj.uns.ac.rs\/wp-content\/uploads\/2018\/04\/IMG_7876.jpg\" title=\"IMG_7876\"><img loading=\"lazy\" decoding=\"async\" src=\"http:\/\/cai.polj.uns.ac.rs\/wp-content\/uploads\/2018\/04\/IMG_7876-120x90.jpg\" alt=\"IMG_7876\" width=\"120\" height=\"90\" \/><span class=\"su-custom-gallery-title\">IMG_7876<\/span><\/a><\/div><div class=\"su-custom-gallery-slide\" style=\"width:120px;height:90px\"><a href=\"http:\/\/cai.polj.uns.ac.rs\/wp-content\/uploads\/2018\/04\/IMG_7874.jpg\" title=\"IMG_7874\"><img loading=\"lazy\" decoding=\"async\" src=\"http:\/\/cai.polj.uns.ac.rs\/wp-content\/uploads\/2018\/04\/IMG_7874-120x90.jpg\" alt=\"IMG_7874\" width=\"120\" height=\"90\" \/><span class=\"su-custom-gallery-title\">IMG_7874<\/span><\/a><\/div><div class=\"su-custom-gallery-slide\" style=\"width:120px;height:90px\"><a href=\"http:\/\/cai.polj.uns.ac.rs\/wp-content\/uploads\/2018\/04\/IMG_7873.jpg\" title=\"IMG_7873\"><img loading=\"lazy\" decoding=\"async\" src=\"http:\/\/cai.polj.uns.ac.rs\/wp-content\/uploads\/2018\/04\/IMG_7873-120x90.jpg\" alt=\"IMG_7873\" width=\"120\" height=\"90\" \/><span class=\"su-custom-gallery-title\">IMG_7873<\/span><\/a><\/div><div class=\"su-custom-gallery-slide\" style=\"width:120px;height:90px\"><a href=\"http:\/\/cai.polj.uns.ac.rs\/wp-content\/uploads\/2018\/04\/IMG_7866.jpg\" title=\"IMG_7866\"><img loading=\"lazy\" decoding=\"async\" src=\"http:\/\/cai.polj.uns.ac.rs\/wp-content\/uploads\/2018\/04\/IMG_7866-120x90.jpg\" alt=\"IMG_7866\" width=\"120\" height=\"90\" \/><span class=\"su-custom-gallery-title\">IMG_7866<\/span><\/a><\/div><div class=\"su-custom-gallery-slide\" style=\"width:120px;height:90px\"><a href=\"http:\/\/cai.polj.uns.ac.rs\/wp-content\/uploads\/2018\/04\/IMG_7865.jpg\" title=\"IMG_7865\"><img loading=\"lazy\" decoding=\"async\" src=\"http:\/\/cai.polj.uns.ac.rs\/wp-content\/uploads\/2018\/04\/IMG_7865-120x90.jpg\" alt=\"IMG_7865\" width=\"120\" height=\"90\" \/><span class=\"su-custom-gallery-title\">IMG_7865<\/span><\/a><\/div><div class=\"su-custom-gallery-slide\" style=\"width:120px;height:90px\"><a href=\"http:\/\/cai.polj.uns.ac.rs\/wp-content\/uploads\/2018\/04\/DSC_0317.jpg\" title=\"DSC_0317\"><img loading=\"lazy\" decoding=\"async\" src=\"http:\/\/cai.polj.uns.ac.rs\/wp-content\/uploads\/2018\/04\/DSC_0317-120x90.jpg\" alt=\"DSC_0317\" width=\"120\" height=\"90\" \/><span class=\"su-custom-gallery-title\">DSC_0317<\/span><\/a><\/div><div class=\"su-clear\"><\/div><\/div>\n<\/div><\/div>\n<div class=\"su-spoiler su-spoiler-style-default su-spoiler-icon-plus su-spoiler-closed\" data-scroll-offset=\"0\" data-anchor-in-url=\"no\"><div class=\"su-spoiler-title\" tabindex=\"0\" role=\"button\"><span class=\"su-spoiler-icon\"><\/span>INTERVJU<\/div><div class=\"su-spoiler-content su-u-clearfix su-u-trim\">\n<p><a href=\"https:\/\/www.poljoprivrednik.net\/2850-naucni-skup-o-teoriji-i-praksi-agrara-u-istorijskoj-perspektivi\">http:\/\/www.rtv.rs\/sr_lat\/vojvodina\/novi-sad\/skup-o-teoriji-i-praksi-agrara-kroz-istoriju_870871.html<\/a><\/p>\n<p><a href=\"https:\/\/www.poljoprivrednik.net\/2850-naucni-skup-o-teoriji-i-praksi-agrara-u-istorijskoj-perspektivi\">https:\/\/www.poljoprivrednik.net\/2850-naucni-skup-o-teoriji-i-praksi-agrara-u-istorijskoj-perspektivi<\/a><\/p>\n<\/div><\/div>\n","protected":false},"excerpt":{"rendered":"<p>Knjiga apstrakata CAI PROGRAM SKUPA FLAJER A4 Zakljucak skupa CAI 2017<\/p>\n","protected":false},"author":1,"featured_media":0,"parent":12,"menu_order":0,"comment_status":"closed","ping_status":"closed","template":"","meta":{"footnotes":""},"class_list":["post-305","page","type-page","status-publish","hentry"],"_links":{"self":[{"href":"http:\/\/cai.polj.uns.ac.rs\/index.php?rest_route=\/wp\/v2\/pages\/305"}],"collection":[{"href":"http:\/\/cai.polj.uns.ac.rs\/index.php?rest_route=\/wp\/v2\/pages"}],"about":[{"href":"http:\/\/cai.polj.uns.ac.rs\/index.php?rest_route=\/wp\/v2\/types\/page"}],"author":[{"embeddable":true,"href":"http:\/\/cai.polj.uns.ac.rs\/index.php?rest_route=\/wp\/v2\/users\/1"}],"replies":[{"embeddable":true,"href":"http:\/\/cai.polj.uns.ac.rs\/index.php?rest_route=%2Fwp%2Fv2%2Fcomments&post=305"}],"version-history":[{"count":14,"href":"http:\/\/cai.polj.uns.ac.rs\/index.php?rest_route=\/wp\/v2\/pages\/305\/revisions"}],"predecessor-version":[{"id":521,"href":"http:\/\/cai.polj.uns.ac.rs\/index.php?rest_route=\/wp\/v2\/pages\/305\/revisions\/521"}],"up":[{"embeddable":true,"href":"http:\/\/cai.polj.uns.ac.rs\/index.php?rest_route=\/wp\/v2\/pages\/12"}],"wp:attachment":[{"href":"http:\/\/cai.polj.uns.ac.rs\/index.php?rest_route=%2Fwp%2Fv2%2Fmedia&parent=305"}],"curies":[{"name":"wp","href":"https:\/\/api.w.org\/{rel}","templated":true}]}}