{"id":10,"date":"2016-05-10T10:31:38","date_gmt":"2016-05-10T10:31:38","guid":{"rendered":"http:\/\/http:\/\/cai.polj.uns.ac.rs\/?page_id=10"},"modified":"2020-01-13T20:08:58","modified_gmt":"2020-01-13T20:08:58","slug":"clanstvo","status":"publish","type":"page","link":"http:\/\/cai.polj.uns.ac.rs\/?page_id=10","title":{"rendered":"\u010cLANSTVO"},"content":{"rendered":"<h4>&#8211; <strong>Redovni \u010dlanoovi<\/strong><\/h4>\n<p>se biraju iz kategorije \u010dlanova sa zvanjem redovnog profesora, odnosno, nau\u010dnog savetnika ili odgovaraju\u0107im umetni\u010dkim zvanjem, koji su se istakli publikovanjem najmanje deset radova iz oblasti agrarne istorije u kategorijama M10, M20, M30, M40 i M50, od \u010dega je najmanje jedna samostalno publikovana monografija, odnosno, adekvatan rad iz oblasti umetnosti.<\/p>\n<div class=\"su-spoiler su-spoiler-style-default su-spoiler-icon-plus su-spoiler-closed\" data-scroll-offset=\"0\" data-anchor-in-url=\"no\"><div class=\"su-spoiler-title\" tabindex=\"0\" role=\"button\"><span class=\"su-spoiler-icon\"><\/span>Spisak redovnih \u010dlanova<\/div><div class=\"su-spoiler-content su-u-clearfix su-u-trim\">\n<a href=\"http:\/\/cai.polj.uns.ac.rs\/wp-content\/uploads\/2016\/12\/Boris-Krsev_Srpski-agrarni-istoricari.pdf\">1. Boris Kr\u0161ev, redovni profesor<\/a><br \/>\n<a href=\"http:\/\/cai.polj.uns.ac.rs\/wp-content\/uploads\/2016\/12\/Momcilo-Isic_Srpski-agrarni-istoricari.pdf\">2. Mom\u010dilo Isi\u0107, nau\u010dni savetnik<\/a><br \/>\n<a href=\"http:\/\/cai.polj.uns.ac.rs\/wp-content\/uploads\/2019\/05\/Zoran-Njegovan_Srpski-agrarni-istoricari.pdf\">3. Zoran Njegovan, redovni profesor<\/a><br \/>\n<a href=\"http:\/\/cai.polj.uns.ac.rs\/wp-content\/uploads\/2017\/03\/Jan-Ki\u0161geci_Agrarni-istoricari_Biobibliografija.pdf\">4. Jan Ki\u0161geci, redovni profesor u penziji<\/a><br \/>\n<a href=\"http:\/\/cai.polj.uns.ac.rs\/wp-content\/uploads\/2018\/04\/Srbislav-Den\u010di\u0107_Agrarni-istoricari_Biobibliografija.pdf\">5.\u00a0Srbislav Den\u010di\u0107, redovni profesor<\/a><br \/>\n<a href=\"http:\/\/cai.polj.uns.ac.rs\/wp-content\/uploads\/2016\/12\/Vera-Dodic-Gudac_Srpeski-agrarni-istoricari.pdf\">6. Vera Dodi\u0107-Gudac, vi\u0161i nau\u010dni saradnik<\/a><br \/>\n<a href=\"http:\/\/cai.polj.uns.ac.rs\/wp-content\/uploads\/2017\/02\/Mladen-Miric_Srpski-agrarni-istoricari.pdf\">7. Mladen D. Miri\u0107, nau\u010dni saradnik u penziji<\/a><br \/>\n<a href=\"http:\/\/cai.polj.uns.ac.rs\/wp-content\/uploads\/2019\/05\/Dragan-Veselinov-biobibliografija.pdf\">8. Dragan Veselinov, redovni profesor u penziji<\/a><br \/>\n<a href=\"http:\/\/cai.polj.uns.ac.rs\/wp-content\/uploads\/2019\/05\/Dragana-Gnjatovic\u0301-biobibliografija.pdf\">9. Dragana Gnjatovic\u0301, redovni profesor<\/a><br \/>\n<a href=\"http:\/\/cai.polj.uns.ac.rs\/wp-content\/uploads\/2019\/05\/Radovan-Pejanovic_Agrarni-istoricari_Biobibliografija.pdf\">10. Radovan Pejanovic, upravitelj fondacije<\/a><br \/>\n<a href=\"http:\/\/cai.polj.uns.ac.rs\/wp-content\/uploads\/2019\/05\/\u0421\u0440\u0452\u0430\u043d-\u0428\u0459\u0443\u043a\u0438\u045b_\u0430\u0433\u0440\u0430\u0440\u043d\u0438-\u0438\u0441\u0442\u043e\u0440\u0438\u0447\u0430\u0440\u0438.pdf\">11. Sr\u0111an \u0160ljuki\u0107, redovni profesor<\/a><\/p>\n<\/div><\/div>\n<h4><strong>&#8211;<\/strong><strong> \u010clanovi<\/strong><\/h4>\n<p>su lica sa titulom doktora nauka u nekom od nastavnih, nau\u010dnih, odnosno, odgovaraju\u0107ih umetni\u010dkih zvanja sa najmanje pet radova iz oblasti agrarne istorije u kategorijama M10, M20, M30, M40 i M50, odnosno, adekvatnim radovima iz oblasti umetnosti.<br \/>\n<div class=\"su-spoiler su-spoiler-style-default su-spoiler-icon-plus su-spoiler-closed\" data-scroll-offset=\"0\" data-anchor-in-url=\"no\"><div class=\"su-spoiler-title\" tabindex=\"0\" role=\"button\"><span class=\"su-spoiler-icon\"><\/span>Spisak \u010dlanova<\/div><div class=\"su-spoiler-content su-u-clearfix su-u-trim\">\n1. <a href=\"http:\/\/cai.polj.uns.ac.rs\/wp-content\/uploads\/2016\/12\/Bojana-Katic-Miljkovic_Srpski-agrarni-istoricari.pdf\">Bojana Kati\u0107-Miljkovi\u0107 , vi\u0161i nau\u010dni saradnik<\/a><br \/>\n2. <a href=\"http:\/\/cai.polj.uns.ac.rs\/wp-content\/uploads\/2016\/12\/Dragana-Dinic_Srpski-agrarni-istoricari.pdf\">Dragana Dini\u0107, nau\u010dni saradnik<\/a><br \/>\n3. <a href=\"http:\/\/cai.polj.uns.ac.rs\/wp-content\/uploads\/2016\/05\/Dragoljub-Peric-_Agrarni-istoricari_Biobibliografija-1.pdf\">Dragoljub Peri\u0107, docent<\/a><br \/>\n4. <a href=\"http:\/\/cai.polj.uns.ac.rs\/wp-content\/uploads\/2018\/04\/Filip-Skijan_Agrarni-istoricari_Biobibliografija.pdf\">Filip Skijan, znanstveni suradnik<\/a><br \/>\n5.\u00a0<a href=\"http:\/\/cai.polj.uns.ac.rs\/wp-content\/uploads\/2016\/12\/Snezana-Bozanic_Srpski-agrarni-istoricari.pdf\">Janko Veselinovi\u0107, vanredni profesor<\/a><br \/>\n6. <a href=\"http:\/\/cai.polj.uns.ac.rs\/wp-content\/uploads\/2017\/03\/Marina-Novakov_agrarni-istoricari-1.pdf\">Marina Novakov &#8211; Nau\u010dni saradnik<\/a><br \/>\n7. <a href=\"http:\/\/cai.polj.uns.ac.rs\/wp-content\/uploads\/2016\/12\/Radomir-Popovic_Srpski-agrarni-istoricari.pdf\">Radomir Popovi\u0107, vi\u0161i nau\u010dni saradnik<\/a><br \/>\n8. <a href=\"http:\/\/cai.polj.uns.ac.rs\/wp-content\/uploads\/2016\/12\/Snezana-Bozanic_Srpski-agrarni-istoricari.pdf\">Sne\u017eana Bo\u017eani\u0107, vanredni profesor<\/a><br \/>\n9. <a href=\"http:\/\/cai.polj.uns.ac.rs\/wp-content\/uploads\/2016\/12\/Zoran-Simonovic_Srpski-agrarni-istoricari.pdf\"> Zoran Simonovi\u0107, nau\u010dni saradnik<\/a><a href=\"http:\/\/cai.polj.uns.ac.rs\/wp-content\/uploads\/2017\/02\/Mladen-Miric_Srpski-agrarni-istoricari.pdf\"><br \/>\n<\/a>10. <a href=\"http:\/\/cai.polj.uns.ac.rs\/wp-content\/uploads\/2018\/04\/\u017deljko-Va\u0161ko_agrarni-istori\u010dari.pdf\">\u017deljko Va\u0161ko, vanredni profesor<\/a><br \/>\n11.\u00a0<a href=\"http:\/\/cai.polj.uns.ac.rs\/wp-content\/uploads\/2018\/06\/OrneLLa-Miku\u0161_Agrarni-istoricari.pdf\">Ornella Miku\u0161, docent<\/a><br \/>\n12. <a href=\"http:\/\/cai.polj.uns.ac.rs\/wp-content\/uploads\/2018\/12\/Daniela-Arsenovic_Agrarni-istoricari_Biobibliografija.pdf\">Daniela Arsenovi\u0107, docent<\/a><br \/>\n13.\u00a0<a href=\"http:\/\/cai.polj.uns.ac.rs\/wp-content\/uploads\/2018\/12\/Gordana-Radovic_Agrarni-istoricari_Biobibliografija.pdf\">Gordana Radovi\u0107<\/a><br \/>\n<\/div><\/div>\n<h4>&#8211; <strong>Saradnici<\/strong><\/h4>\n<p>je lice sa akademskim obrazovanjem i najmanje jednim radom iz oblasti agrarne istorije.<\/p>\n<div class=\"su-spoiler su-spoiler-style-default su-spoiler-icon-plus su-spoiler-closed\" data-scroll-offset=\"0\" data-anchor-in-url=\"no\"><div class=\"su-spoiler-title\" tabindex=\"0\" role=\"button\"><span class=\"su-spoiler-icon\"><\/span>Spisak saradnika<\/div><div class=\"su-spoiler-content su-u-clearfix su-u-trim\">\n<a href=\"http:\/\/cai.polj.uns.ac.rs\/wp-content\/uploads\/2018\/04\/Filip-Forkapic_Agrarni-istoricari_biobibliografija.pdf\">1. Filip Forkapi\u0107, Vi\u0161i kustos etnolog<\/a><br \/>\n<a href=\"http:\/\/cai.polj.uns.ac.rs\/wp-content\/uploads\/2016\/12\/Gordana-Petrovic-Garic_Srpski-agrarni-istoricari.pdf\">2. Gordana Petrovi\u0107-Gari\u0107, istra\u017eiva\u010d saradnik<\/a><br \/>\n<a href=\"http:\/\/cai.polj.uns.ac.rs\/wp-content\/uploads\/2016\/12\/Ljubinko-Milosavljevic_Srpski-agrarni-istoricari.pdf\">3. Ljubinko Milosavljevi\u0107, redovni profesor u penziji<\/a><br \/>\n<a href=\"http:\/\/cai.polj.uns.ac.rs\/wp-content\/uploads\/2016\/12\/Nikola-Zivic_Srpski-agrarni-istoricari.pdf\">4. Nikola \u017divi\u0107, saradnik u nastavi<\/a><br \/>\n<a href=\"http:\/\/cai.polj.uns.ac.rs\/wp-content\/uploads\/2016\/12\/Srdjan-Milosevic_Srpski-agrarni-istoricari.pdf\">5. Sr\u0111an Milo\u0161evi\u0107, istra\u017eiva\u010d saradnik<br \/>\n<\/a><a href=\"http:\/\/cai.polj.uns.ac.rs\/wp-content\/uploads\/2017\/02\/Danica-GT-Biobibliografija-2.pdf\">6. Danica Glava\u0161 Trbi\u0107, asistent<\/a><br \/>\n<a href=\"http:\/\/cai.polj.uns.ac.rs\/wp-content\/uploads\/2018\/12\/Nevena-Brdaric_Agrarni-istoricari_Biobibliografija.pdf\">7.\u00a0Nevena\u00a0Brdari\u0107 &#8211; saradnik<\/a><br \/>\n<a href=\"http:\/\/cai.polj.uns.ac.rs\/wp-content\/uploads\/2018\/12\/Dragana-Amedoski_srpski-agrarni-istoricari.pdf\">8. Dragana Amedoski &#8211; saradnik<\/a><br \/>\n<a href=\"http:\/\/cai.polj.uns.ac.rs\/wp-content\/uploads\/2020\/01\/Kristina-Mitic_Agrarni-istoricari_Biobibliografija-1.pdf\">9.. Kristina Mili\u0107 &#8211; saradnik<\/a><br \/>\n<\/div><\/div>\n<h4>&#8211; <strong>Po\u010dasni \u010dlan<\/strong><\/h4>\n<p>Centra za agrarnu istoriju postaje redovni \u010dlan koji se kao istaknuti nau\u010dnoistra\u017eiva\u010dki radnik ili umetnik iz oblasti agrarne istorije bira nakon penzionisanja.<\/p>\n<ol>\n<li><a href=\"http:\/\/cai.polj.uns.ac.rs\/wp-content\/uploads\/2018\/04\/Dragoljub-Simonovic_agrarni-istoricari_Biobibliografija.pdf\">Dragoljub Simonovi\u0107, redovni profesor u penziji<\/a><\/li>\n<\/ol>\n<h4><strong>SARADNJA SA INSTITUCIJAMA U ZEMLJI<\/strong><\/h4>\n<ol>\n<li>Ekonomski fakultet Univerziteta u Beogradu<\/li>\n<li>Fakultet politi\u010dkih nauka Univerziteta u Beogradu<\/li>\n<li>Institut za ekonomiku poljoprivrede, Beograd<\/li>\n<li>Institut za savremenu istoriju<\/li>\n<li>Istorijski institut Beograd<\/li>\n<li>Istorijski institut SANU<\/li>\n<li>Poljoprivredni fakultet Univerziteta u Beogradu<\/li>\n<li>Dru\u0161tvo agrarnih ekonomista Balkana<\/li>\n<\/ol>\n<h4><strong>SARADNJA SA INSTITUCIJAMA U INOSTRANSTVU<\/strong><\/h4>\n<ol>\n<li>Hrvatsko agroekonomsko dru\u0161tvo<\/li>\n<li>Poljoprivredni fakultet Univerziteta Banja Luka<\/li>\n<li>Poljoprivredni fakultet Univerziteta Isto\u010dno Sarajevo<\/li>\n<\/ol>\n<div class=\"su-button-center\"><a href=\"http:\/\/cai.polj.uns.ac.rs\/wp-content\/uploads\/2016\/05\/Ime-i-Prezime_Agrarni-istoricari_Biobibliografija-1.doc\" class=\"su-button su-button-style-default su-button-wide\" style=\"color:#FFFFFF;background-color:#77c26e;border-color:#609c58;border-radius:5px\" target=\"_self\"><span style=\"color:#FFFFFF;padding:0px 16px;font-size:13px;line-height:26px;border-color:#a0d59a;border-radius:5px;text-shadow:none\"> Pristupnica \/ biobibliografija<\/span><\/a><\/div>\n","protected":false},"excerpt":{"rendered":"<p>&#8211; Redovni \u010dlanoovi se biraju iz kategorije \u010dlanova sa zvanjem redovnog profesora, odnosno, nau\u010dnog savetnika ili odgovaraju\u0107im umetni\u010dkim zvanjem, koji su se istakli publikovanjem najmanje deset radova iz oblasti agrarne istorije u kategorijama M10, M20, M30, M40 i M50, od \u010dega je najmanje jedna samostalno publikovana monografija, odnosno, adekvatan rad iz oblasti umetnosti. &#8211; \u010clanovi [&hellip;]<\/p>\n","protected":false},"author":1,"featured_media":0,"parent":0,"menu_order":0,"comment_status":"closed","ping_status":"closed","template":"","meta":{"footnotes":""},"class_list":["post-10","page","type-page","status-publish","hentry"],"_links":{"self":[{"href":"http:\/\/cai.polj.uns.ac.rs\/index.php?rest_route=\/wp\/v2\/pages\/10"}],"collection":[{"href":"http:\/\/cai.polj.uns.ac.rs\/index.php?rest_route=\/wp\/v2\/pages"}],"about":[{"href":"http:\/\/cai.polj.uns.ac.rs\/index.php?rest_route=\/wp\/v2\/types\/page"}],"author":[{"embeddable":true,"href":"http:\/\/cai.polj.uns.ac.rs\/index.php?rest_route=\/wp\/v2\/users\/1"}],"replies":[{"embeddable":true,"href":"http:\/\/cai.polj.uns.ac.rs\/index.php?rest_route=%2Fwp%2Fv2%2Fcomments&post=10"}],"version-history":[{"count":51,"href":"http:\/\/cai.polj.uns.ac.rs\/index.php?rest_route=\/wp\/v2\/pages\/10\/revisions"}],"predecessor-version":[{"id":566,"href":"http:\/\/cai.polj.uns.ac.rs\/index.php?rest_route=\/wp\/v2\/pages\/10\/revisions\/566"}],"wp:attachment":[{"href":"http:\/\/cai.polj.uns.ac.rs\/index.php?rest_route=%2Fwp%2Fv2%2Fmedia&parent=10"}],"curies":[{"name":"wp","href":"https:\/\/api.w.org\/{rel}","templated":true}]}}